{"id":1018,"date":"2025-06-13T09:06:20","date_gmt":"2025-06-13T07:06:20","guid":{"rendered":"https:\/\/www.lamalvabcn.com\/reserva-thank-you\/"},"modified":"2025-06-15T11:41:38","modified_gmt":"2025-06-15T09:41:38","slug":"reserva-thank-you","status":"publish","type":"page","link":"https:\/\/www.lamalvabcn.com\/ca\/reserva-thank-you\/","title":{"rendered":"Gr\u00e0cies per la vostra reserva"},"content":{"rendered":"","protected":false},"excerpt":{"rendered":"","protected":false},"author":1,"featured_media":0,"parent":0,"menu_order":0,"comment_status":"closed","ping_status":"closed","template":"","meta":{"_acf_changed":false,"_seopress_robots_primary_cat":"","_seopress_titles_title":"Reserva a LAMALVA - La teva Taula al Restaurant M\u00e9s Exclusiu de Barcelona","_seopress_titles_desc":"Fes la teva reserva a LAMALVA i assegura el teu lloc per gaudir d\u00b4una experi\u00e8ncia gastron\u00f2mica \u00fanica a Barcelona. Organitza sopars \u00edntims, esdeveniments familiars o reunions d'empresa. Men\u00fas personalitzats i un ambient inoblidable. Reserva ara!","_seopress_robots_index":"","content-type":"","footnotes":""},"class_list":["post-1018","page","type-page","status-publish","hentry"],"acf":[],"_links":{"self":[{"href":"https:\/\/www.lamalvabcn.com\/ca\/wp-json\/wp\/v2\/pages\/1018","targetHints":{"allow":["GET"]}}],"collection":[{"href":"https:\/\/www.lamalvabcn.com\/ca\/wp-json\/wp\/v2\/pages"}],"about":[{"href":"https:\/\/www.lamalvabcn.com\/ca\/wp-json\/wp\/v2\/types\/page"}],"author":[{"embeddable":true,"href":"https:\/\/www.lamalvabcn.com\/ca\/wp-json\/wp\/v2\/users\/1"}],"replies":[{"embeddable":true,"href":"https:\/\/www.lamalvabcn.com\/ca\/wp-json\/wp\/v2\/comments?post=1018"}],"version-history":[{"count":1,"href":"https:\/\/www.lamalvabcn.com\/ca\/wp-json\/wp\/v2\/pages\/1018\/revisions"}],"predecessor-version":[{"id":1021,"href":"https:\/\/www.lamalvabcn.com\/ca\/wp-json\/wp\/v2\/pages\/1018\/revisions\/1021"}],"wp:attachment":[{"href":"https:\/\/www.lamalvabcn.com\/ca\/wp-json\/wp\/v2\/media?parent=1018"}],"curies":[{"name":"wp","href":"https:\/\/api.w.org\/{rel}","templated":true}]}}